{"id":2053,"date":"2026-01-12T13:03:52","date_gmt":"2026-01-12T13:03:52","guid":{"rendered":"https:\/\/lido-montiggl.it\/aktivitaeten\/"},"modified":"2026-01-13T14:00:09","modified_gmt":"2026-01-13T14:00:09","slug":"aktivitaeten","status":"publish","type":"page","link":"https:\/\/www.lido-montiggl.it\/de\/aktivitaeten\/","title":{"rendered":"Aktivit\u00e4ten"},"content":{"rendered":"\t\t<div data-elementor-type=\"wp-page\" data-elementor-id=\"2053\" class=\"elementor elementor-2053 elementor-1830\" data-elementor-post-type=\"page\">\n\t\t\t\t<div class=\"elementor-element elementor-element-7743169 e-flex e-con-boxed e-con e-parent\" data-id=\"7743169\" data-element_type=\"container\" data-e-type=\"container\" data-settings=\"{&quot;background_background&quot;:&quot;classic&quot;}\">\n\t\t\t\t\t<div class=\"e-con-inner\">\n\t\t\t\t<div class=\"elementor-element elementor-element-9d62d96 elementor-widget elementor-widget-heading\" data-id=\"9d62d96\" data-element_type=\"widget\" data-e-type=\"widget\" data-widget_type=\"heading.default\">\n\t\t\t\t<div class=\"elementor-widget-container\">\n\t\t\t\t\t<h1 class=\"elementor-heading-title elementor-size-default\">Restaurant Lido Montiggl<\/h1>\t\t\t\t<\/div>\n\t\t\t\t<\/div>\n\t\t\t\t<div class=\"elementor-element elementor-element-dc19d64 elementor-widget elementor-widget-heading\" data-id=\"dc19d64\" data-element_type=\"widget\" data-e-type=\"widget\" data-widget_type=\"heading.default\">\n\t\t\t\t<div class=\"elementor-widget-container\">\n\t\t\t\t\t<h2 class=\"elementor-heading-title elementor-size-default\">Harmonisches Zusammenspiel von Gastronomie und Natur.<br>Ge\u00f6ffnet von Mai bis Oktober<\/h2>\t\t\t\t<\/div>\n\t\t\t\t<\/div>\n\t\t\t\t\t<\/div>\n\t\t\t\t<\/div>\n\t\t<div class=\"elementor-element elementor-element-45bdaa3 e-flex e-con-boxed e-con e-parent\" data-id=\"45bdaa3\" data-element_type=\"container\" data-e-type=\"container\">\n\t\t\t\t\t<div class=\"e-con-inner\">\n\t\t\t\t<div class=\"elementor-element elementor-element-091a8bb elementor-hidden-desktop elementor-widget elementor-widget-spacer\" data-id=\"091a8bb\" data-element_type=\"widget\" data-e-type=\"widget\" data-widget_type=\"spacer.default\">\n\t\t\t\t<div class=\"elementor-widget-container\">\n\t\t\t\t\t\t\t<div class=\"elementor-spacer\">\n\t\t\t<div class=\"elementor-spacer-inner\"><\/div>\n\t\t<\/div>\n\t\t\t\t\t\t<\/div>\n\t\t\t\t<\/div>\n\t\t\t\t<div class=\"elementor-element elementor-element-354b6a4 elementor-widget elementor-widget-heading\" data-id=\"354b6a4\" data-element_type=\"widget\" data-e-type=\"widget\" data-widget_type=\"heading.default\">\n\t\t\t\t<div class=\"elementor-widget-container\">\n\t\t\t\t\t<h2 class=\"elementor-heading-title elementor-size-default\">Aktivit\u00e4ten<\/h2>\t\t\t\t<\/div>\n\t\t\t\t<\/div>\n\t\t\t\t<div class=\"elementor-element elementor-element-ee3a0e7 elementor-widget elementor-widget-text-editor\" data-id=\"ee3a0e7\" data-element_type=\"widget\" data-e-type=\"widget\" data-widget_type=\"text-editor.default\">\n\t\t\t\t<div class=\"elementor-widget-container\">\n\t\t\t\t\t\t\t\t\t<p>Sport, Entspannung und Spa\u00df!<br>Der See und das gesamte Waldgebiet, das ihn umgibt, bieten die M\u00f6glichkeit <br>f\u00fcr au\u00dfergew\u00f6hnliche Strecken zum Joggen, Trekking und Mountainbiken.<br>Dann gen\u00fcgt ein Sprung ins Wasser und das Schwimmen im kristallklaren Wasser, um den Sommer in vollen Z\u00fcgen zu genie\u00dfen, oder den See von einem Ufer zum anderen zu durchqueren <br>und sich als Experte in der brandneuen Sportart Stand Up Paddle zu versuchen.<\/p>\t\t\t\t\t\t\t\t<\/div>\n\t\t\t\t<\/div>\n\t\t\t\t<div class=\"elementor-element elementor-element-1edc3c0 elementor-hidden-desktop elementor-widget elementor-widget-spacer\" data-id=\"1edc3c0\" data-element_type=\"widget\" data-e-type=\"widget\" data-widget_type=\"spacer.default\">\n\t\t\t\t<div class=\"elementor-widget-container\">\n\t\t\t\t\t\t\t<div class=\"elementor-spacer\">\n\t\t\t<div class=\"elementor-spacer-inner\"><\/div>\n\t\t<\/div>\n\t\t\t\t\t\t<\/div>\n\t\t\t\t<\/div>\n\t\t\t\t\t<\/div>\n\t\t\t\t<\/div>\n\t\t<div class=\"elementor-element elementor-element-1691073 e-con-full e-flex e-con e-parent\" data-id=\"1691073\" data-element_type=\"container\" data-e-type=\"container\" data-settings=\"{&quot;background_background&quot;:&quot;classic&quot;}\">\n\t\t<div class=\"elementor-element elementor-element-86c6442 e-flex e-con-boxed e-con e-child\" data-id=\"86c6442\" data-element_type=\"container\" data-e-type=\"container\" data-settings=\"{&quot;background_background&quot;:&quot;classic&quot;}\">\n\t\t\t\t\t<div class=\"e-con-inner\">\n\t\t<div class=\"elementor-element elementor-element-329b8d9 e-con-full e-flex e-con e-child\" data-id=\"329b8d9\" data-element_type=\"container\" data-e-type=\"container\">\n\t\t<div class=\"elementor-element elementor-element-13776a8 e-con-full e-flex e-con e-child\" data-id=\"13776a8\" data-element_type=\"container\" data-e-type=\"container\">\n\t\t\t\t<div class=\"elementor-element elementor-element-1df02c8 elementor-widget elementor-widget-gallery\" data-id=\"1df02c8\" data-element_type=\"widget\" data-e-type=\"widget\" data-settings=\"{&quot;columns&quot;:3,&quot;gallery_layout&quot;:&quot;grid&quot;,&quot;columns_tablet&quot;:2,&quot;columns_mobile&quot;:1,&quot;gap&quot;:{&quot;unit&quot;:&quot;px&quot;,&quot;size&quot;:10,&quot;sizes&quot;:[]},&quot;gap_tablet&quot;:{&quot;unit&quot;:&quot;px&quot;,&quot;size&quot;:10,&quot;sizes&quot;:[]},&quot;gap_mobile&quot;:{&quot;unit&quot;:&quot;px&quot;,&quot;size&quot;:10,&quot;sizes&quot;:[]},&quot;link_to&quot;:&quot;file&quot;,&quot;aspect_ratio&quot;:&quot;3:2&quot;,&quot;overlay_background&quot;:&quot;yes&quot;,&quot;content_hover_animation&quot;:&quot;fade-in&quot;}\" data-widget_type=\"gallery.default\">\n\t\t\t\t<div class=\"elementor-widget-container\">\n\t\t\t\t\t\t\t<div class=\"elementor-gallery__container\">\n\t\t\t\t\t\t\t<a class=\"e-gallery-item elementor-gallery-item elementor-animated-content\" href=\"https:\/\/www.lido-montiggl.it\/wp-content\/uploads\/2026\/01\/percorso-vita-monticolo-montiggl.webp\" data-elementor-open-lightbox=\"yes\" data-elementor-lightbox-slideshow=\"1df02c8\" data-elementor-lightbox-title=\"parcours-vita-monticolo-montiggl\" data-e-action-hash=\"#elementor-action%3Aaction%3Dlightbox%26settings%3DeyJpZCI6MjAzMSwidXJsIjoiaHR0cHM6XC9cL3d3dy5saWRvLW1vbnRpZ2dsLml0XC93cC1jb250ZW50XC91cGxvYWRzXC8yMDI2XC8wMVwvcGVyY29yc28tdml0YS1tb250aWNvbG8tbW9udGlnZ2wud2VicCIsInNsaWRlc2hvdyI6IjFkZjAyYzgifQ%3D%3D\">\n\t\t\t\t\t<div class=\"e-gallery-image elementor-gallery-item__image\" data-thumbnail=\"https:\/\/www.lido-montiggl.it\/wp-content\/uploads\/2026\/01\/percorso-vita-monticolo-montiggl-300x200.webp\" data-width=\"300\" data-height=\"200\" aria-label=\"\" role=\"img\" ><\/div>\n\t\t\t\t\t\t\t\t\t\t\t<div class=\"elementor-gallery-item__overlay\"><\/div>\n\t\t\t\t\t\t\t\t\t\t\t\t\t\t<\/a>\n\t\t\t\t\t\t\t<a class=\"e-gallery-item elementor-gallery-item elementor-animated-content\" href=\"https:\/\/www.lido-montiggl.it\/wp-content\/uploads\/2026\/01\/stand-up-paddle.webp\" data-elementor-open-lightbox=\"yes\" data-elementor-lightbox-slideshow=\"1df02c8\" data-elementor-lightbox-title=\"stand-up-paddle\" data-e-action-hash=\"#elementor-action%3Aaction%3Dlightbox%26settings%3DeyJpZCI6MjAzMiwidXJsIjoiaHR0cHM6XC9cL3d3dy5saWRvLW1vbnRpZ2dsLml0XC93cC1jb250ZW50XC91cGxvYWRzXC8yMDI2XC8wMVwvc3RhbmQtdXAtcGFkZGxlLndlYnAiLCJzbGlkZXNob3ciOiIxZGYwMmM4In0%3D\">\n\t\t\t\t\t<div class=\"e-gallery-image elementor-gallery-item__image\" data-thumbnail=\"https:\/\/www.lido-montiggl.it\/wp-content\/uploads\/2026\/01\/stand-up-paddle-300x200.webp\" data-width=\"300\" data-height=\"200\" aria-label=\"\" role=\"img\" ><\/div>\n\t\t\t\t\t\t\t\t\t\t\t<div class=\"elementor-gallery-item__overlay\"><\/div>\n\t\t\t\t\t\t\t\t\t\t\t\t\t\t<\/a>\n\t\t\t\t\t\t\t<a class=\"e-gallery-item elementor-gallery-item elementor-animated-content\" href=\"https:\/\/www.lido-montiggl.it\/wp-content\/uploads\/2026\/01\/montain-bike-lago-monticolo.webp\" data-elementor-open-lightbox=\"yes\" data-elementor-lightbox-slideshow=\"1df02c8\" data-elementor-lightbox-title=\"montain-bike-lago-monticolo\" data-e-action-hash=\"#elementor-action%3Aaction%3Dlightbox%26settings%3DeyJpZCI6MjAzMywidXJsIjoiaHR0cHM6XC9cL3d3dy5saWRvLW1vbnRpZ2dsLml0XC93cC1jb250ZW50XC91cGxvYWRzXC8yMDI2XC8wMVwvbW9udGFpbi1iaWtlLWxhZ28tbW9udGljb2xvLndlYnAiLCJzbGlkZXNob3ciOiIxZGYwMmM4In0%3D\">\n\t\t\t\t\t<div class=\"e-gallery-image elementor-gallery-item__image\" data-thumbnail=\"https:\/\/www.lido-montiggl.it\/wp-content\/uploads\/2026\/01\/montain-bike-lago-monticolo-300x200.webp\" data-width=\"300\" data-height=\"200\" aria-label=\"\" role=\"img\" ><\/div>\n\t\t\t\t\t\t\t\t\t\t\t<div class=\"elementor-gallery-item__overlay\"><\/div>\n\t\t\t\t\t\t\t\t\t\t\t\t\t\t<\/a>\n\t\t\t\t\t\t\t<a class=\"e-gallery-item elementor-gallery-item elementor-animated-content\" href=\"https:\/\/www.lido-montiggl.it\/wp-content\/uploads\/2026\/01\/nuoto-lago-monticolo-bolzano.webp\" data-elementor-open-lightbox=\"yes\" data-elementor-lightbox-slideshow=\"1df02c8\" data-elementor-lightbox-title=\"schwimmen-lago-monticolo-bolzano\" data-e-action-hash=\"#elementor-action%3Aaction%3Dlightbox%26settings%3DeyJpZCI6MjAzNCwidXJsIjoiaHR0cHM6XC9cL3d3dy5saWRvLW1vbnRpZ2dsLml0XC93cC1jb250ZW50XC91cGxvYWRzXC8yMDI2XC8wMVwvbnVvdG8tbGFnby1tb250aWNvbG8tYm9semFuby53ZWJwIiwic2xpZGVzaG93IjoiMWRmMDJjOCJ9\">\n\t\t\t\t\t<div class=\"e-gallery-image elementor-gallery-item__image\" data-thumbnail=\"https:\/\/www.lido-montiggl.it\/wp-content\/uploads\/2026\/01\/nuoto-lago-monticolo-bolzano-300x200.webp\" data-width=\"300\" data-height=\"200\" aria-label=\"\" role=\"img\" ><\/div>\n\t\t\t\t\t\t\t\t\t\t\t<div class=\"elementor-gallery-item__overlay\"><\/div>\n\t\t\t\t\t\t\t\t\t\t\t\t\t\t<\/a>\n\t\t\t\t\t\t\t<a class=\"e-gallery-item elementor-gallery-item elementor-animated-content\" href=\"https:\/\/www.lido-montiggl.it\/wp-content\/uploads\/2026\/01\/trekking-lago-monticolo-bolzano.webp\" data-elementor-open-lightbox=\"yes\" data-elementor-lightbox-slideshow=\"1df02c8\" data-elementor-lightbox-title=\"trekking-lago-monticolo-bolzano\" data-e-action-hash=\"#elementor-action%3Aaction%3Dlightbox%26settings%3DeyJpZCI6MjAzNSwidXJsIjoiaHR0cHM6XC9cL3d3dy5saWRvLW1vbnRpZ2dsLml0XC93cC1jb250ZW50XC91cGxvYWRzXC8yMDI2XC8wMVwvdHJla2tpbmctbGFnby1tb250aWNvbG8tYm9semFuby53ZWJwIiwic2xpZGVzaG93IjoiMWRmMDJjOCJ9\">\n\t\t\t\t\t<div class=\"e-gallery-image elementor-gallery-item__image\" data-thumbnail=\"https:\/\/www.lido-montiggl.it\/wp-content\/uploads\/2026\/01\/trekking-lago-monticolo-bolzano-300x200.webp\" data-width=\"300\" data-height=\"200\" aria-label=\"\" role=\"img\" ><\/div>\n\t\t\t\t\t\t\t\t\t\t\t<div class=\"elementor-gallery-item__overlay\"><\/div>\n\t\t\t\t\t\t\t\t\t\t\t\t\t\t<\/a>\n\t\t\t\t\t\t\t<a class=\"e-gallery-item elementor-gallery-item elementor-animated-content\" href=\"https:\/\/www.lido-montiggl.it\/wp-content\/uploads\/2026\/01\/attivita-4.png\" data-elementor-open-lightbox=\"yes\" data-elementor-lightbox-slideshow=\"1df02c8\" data-elementor-lightbox-title=\"aktivitaet-4\" data-e-action-hash=\"#elementor-action%3Aaction%3Dlightbox%26settings%3DeyJpZCI6MjA1MiwidXJsIjoiaHR0cHM6XC9cL3d3dy5saWRvLW1vbnRpZ2dsLml0XC93cC1jb250ZW50XC91cGxvYWRzXC8yMDI2XC8wMVwvYXR0aXZpdGEtNC5wbmciLCJzbGlkZXNob3ciOiIxZGYwMmM4In0%3D\">\n\t\t\t\t\t<div class=\"e-gallery-image elementor-gallery-item__image\" data-thumbnail=\"https:\/\/www.lido-montiggl.it\/wp-content\/uploads\/2026\/01\/attivita-4-300x200.png\" data-width=\"300\" data-height=\"200\" aria-label=\"\" role=\"img\" ><\/div>\n\t\t\t\t\t\t\t\t\t\t\t<div class=\"elementor-gallery-item__overlay\"><\/div>\n\t\t\t\t\t\t\t\t\t\t\t\t\t\t<\/a>\n\t\t\t\t\t<\/div>\n\t\t\t\t\t<\/div>\n\t\t\t\t<\/div>\n\t\t\t\t<\/div>\n\t\t\t\t<\/div>\n\t\t\t\t\t<\/div>\n\t\t\t\t<\/div>\n\t\t\t\t<\/div>\n\t\t\t\t<\/div>\n\t\t","protected":false},"excerpt":{"rendered":"<p>Restaurant Lido Montiggl Harmonisches Zusammenspiel von Gastronomie und Natur.Ge\u00f6ffnet von Mai bis Oktober Aktivit\u00e4ten Sport, Entspannung und Spa\u00df!Der See und das gesamte Waldgebiet, das ihn umgibt, bieten die M\u00f6glichkeit f\u00fcr au\u00dfergew\u00f6hnliche Strecken zum Joggen, Trekking und Mountainbiken.Dann gen\u00fcgt ein Sprung ins Wasser und das Schwimmen im kristallklaren Wasser, um den Sommer in vollen Z\u00fcgen zu [&hellip;]<\/p>\n","protected":false},"author":1,"featured_media":0,"parent":0,"menu_order":0,"comment_status":"closed","ping_status":"closed","template":"","meta":{"site-sidebar-layout":"no-sidebar","site-content-layout":"page-builder","ast-site-content-layout":"full-width-container","site-content-style":"unboxed","site-sidebar-style":"unboxed","ast-global-header-display":"","ast-banner-title-visibility":"","ast-main-header-display":"","ast-hfb-above-header-display":"","ast-hfb-below-header-display":"","ast-hfb-mobile-header-display":"","site-post-title":"disabled","ast-breadcrumbs-content":"","ast-featured-img":"disabled","footer-sml-layout":"","ast-disable-related-posts":"","theme-transparent-header-meta":"enabled","adv-header-id-meta":"","stick-header-meta":"","header-above-stick-meta":"","header-main-stick-meta":"","header-below-stick-meta":"","astra-migrate-meta-layouts":"default","ast-page-background-enabled":"default","ast-page-background-meta":{"desktop":{"background-color":"var(--ast-global-color-4)","background-image":"","background-repeat":"repeat","background-position":"center center","background-size":"auto","background-attachment":"scroll","background-type":"","background-media":"","overlay-type":"","overlay-color":"","overlay-opacity":"","overlay-gradient":""},"tablet":{"background-color":"","background-image":"","background-repeat":"repeat","background-position":"center center","background-size":"auto","background-attachment":"scroll","background-type":"","background-media":"","overlay-type":"","overlay-color":"","overlay-opacity":"","overlay-gradient":""},"mobile":{"background-color":"","background-image":"","background-repeat":"repeat","background-position":"center center","background-size":"auto","background-attachment":"scroll","background-type":"","background-media":"","overlay-type":"","overlay-color":"","overlay-opacity":"","overlay-gradient":""}},"ast-content-background-meta":{"desktop":{"background-color":"var(--ast-global-color-5)","background-image":"","background-repeat":"repeat","background-position":"center center","background-size":"auto","background-attachment":"scroll","background-type":"","background-media":"","overlay-type":"","overlay-color":"","overlay-opacity":"","overlay-gradient":""},"tablet":{"background-color":"var(--ast-global-color-5)","background-image":"","background-repeat":"repeat","background-position":"center center","background-size":"auto","background-attachment":"scroll","background-type":"","background-media":"","overlay-type":"","overlay-color":"","overlay-opacity":"","overlay-gradient":""},"mobile":{"background-color":"var(--ast-global-color-5)","background-image":"","background-repeat":"repeat","background-position":"center center","background-size":"auto","background-attachment":"scroll","background-type":"","background-media":"","overlay-type":"","overlay-color":"","overlay-opacity":"","overlay-gradient":""}},"footnotes":""},"class_list":["post-2053","page","type-page","status-publish","hentry"],"_links":{"self":[{"href":"https:\/\/www.lido-montiggl.it\/de\/wp-json\/wp\/v2\/pages\/2053","targetHints":{"allow":["GET"]}}],"collection":[{"href":"https:\/\/www.lido-montiggl.it\/de\/wp-json\/wp\/v2\/pages"}],"about":[{"href":"https:\/\/www.lido-montiggl.it\/de\/wp-json\/wp\/v2\/types\/page"}],"author":[{"embeddable":true,"href":"https:\/\/www.lido-montiggl.it\/de\/wp-json\/wp\/v2\/users\/1"}],"replies":[{"embeddable":true,"href":"https:\/\/www.lido-montiggl.it\/de\/wp-json\/wp\/v2\/comments?post=2053"}],"version-history":[{"count":1,"href":"https:\/\/www.lido-montiggl.it\/de\/wp-json\/wp\/v2\/pages\/2053\/revisions"}],"predecessor-version":[{"id":2054,"href":"https:\/\/www.lido-montiggl.it\/de\/wp-json\/wp\/v2\/pages\/2053\/revisions\/2054"}],"wp:attachment":[{"href":"https:\/\/www.lido-montiggl.it\/de\/wp-json\/wp\/v2\/media?parent=2053"}],"curies":[{"name":"wp","href":"https:\/\/api.w.org\/{rel}","templated":true}]}}